{"id":67,"date":"2020-01-20T18:52:27","date_gmt":"2020-01-20T17:52:27","guid":{"rendered":"https:\/\/zeitlin.yiddish.paris\/?page_id=67"},"modified":"2020-03-31T22:51:01","modified_gmt":"2020-03-31T21:51:01","slug":"%d7%91%d7%90%d6%b7%d7%96%d7%95%d7%9b%d7%9f","status":"publish","type":"page","link":"https:\/\/zeitlin.yiddish.paris\/yi\/%d7%91%d7%90%d6%b7%d7%96%d7%95%d7%9b%d7%9f\/","title":{"rendered":"\u05d1\u05d0\u05b7\u05e7\u05d5\u05e7\u05df"},"content":{"rendered":"\n<p>\u05e6\u05d5 \u05d1\u05d0\u05b7\u05e7\u05d5\u05e7\u05df \u05d3\u05d9 \u05e4\u05bf\u05d9\u05d6\u05d9\u05e9\u05e2 \u05d0\u05d5\u05d9\u05e1\u05e9\u05d8\u05e2\u05dc\u05d5\u05e0\u05d2 \u05d0\u05d9\u05e0\u05e2\u05dd \u05e4\u05bc\u05d0\u05b7\u05e8\u05d9\u05d6\u05e2\u05e8 \u05d9\u05d9\u05b4\u05d3\u05d9\u05e9\u05be\u05e6\u05e2\u05e0\u05d8\u05e2\u05e8 \u2014 \u05de\u05e2\u05d3\u05e2\u05dd\u05be\u05d1\u05d9\u05d1\u05dc\u05d9\u05d0\u05b8\u05d8\u05e2\u05e7 :<\/p>\n\n\n\n<p><strong>Maison de la culture yiddish \u2013 Biblioth\u00e8que Medem<br><\/strong>29,&nbsp;rue du Ch\u00e2teau-d'Eau 75010 Paris<br>T\u00e9l. :&nbsp;+33(0)1 47 00 14 00 ;&nbsp;<a rel=\"noreferrer noopener\" href=\"http:\/\/www.yiddishweb.com\/\" target=\"_blank\">www.yiddishweb.com<\/a><\/p>\n\n\n\n<p>\u05e2\u05e4\u05bf\u05df\u05be\u05e9\u05e2\u05d4\u05e2\u05df :<br>\u05de\u05d0\u05b8\u05e0\u05d8\u05d9\u05e7, \u05d3\u05d9\u05e0\u05e1\u05d8\u05d9\u05e7 \u05d0\u05d5\u05df \u05d3\u05d0\u05b8\u05e0\u05e2\u05e8\u05e9\u05d8\u05d9\u05e7 \u05e4\u05bf\u05d5\u05df 13,30 \u05d1\u05d9\u05d6 18,30 \u05d0\u05b7\u05d6'<br>\u05de\u05d9\u05d8\u05d5\u05d5\u05d0\u05b8\u05da \u05d0\u05d5\u05df \u05e9\u05d1\u05ea \u05e4\u05bf\u05d5\u05df 14 \u05d1\u05d9\u05d6 17 \u05d0\u05b7\u05d6'<br><a href=\"https:\/\/www.yiddishweb.com\/informations-pratiques-2\/\">\u05e7\u05d5\u05e7\u05d8 \u05d0\u05d5\u05d9\u05e3 \u05d3\u05d9 \u05d8\u05e2\u05d2 \u05d5\u05d5\u05e2\u05df \u05d3\u05e2\u05e8 \u05e6\u05e2\u05e0\u05d8\u05e2\u05e8 \u05d0\u05d9\u05d6 \u05e4\u05bf\u05d0\u05b7\u05e8\u05de\u05d0\u05b7\u05db\u05d8 \u05d0\u05d5\u05d9\u05e4\u05bf\u05df \u05d5\u05d5\u05e2\u05d1\u05d0\u05b8\u05e8\u05d8 \u05e4\u05bf\u05d5\u05df \u05e4\u05bc\u05d0\u05b7\u05e8\u05d9\u05d6\u05e2\u05e8 \u05d9\u05d9\u05b4\u05d3\u05d9\u05e9\u05be\u05e6\u05e2\u05e0\u05d8\u05e2\u05e8.<\/a><\/p>\n","protected":false},"excerpt":{"rendered":"<p>\u05e6\u05d5 \u05d1\u05d0\u05b7\u05e7\u05d5\u05e7\u05df \u05d3\u05d9 \u05e4\u05bf\u05d9\u05d6\u05d9\u05e9\u05e2 \u05d0\u05d5\u05d9\u05e1\u05e9\u05d8\u05e2\u05dc\u05d5\u05e0\u05d2 \u05d0\u05d9\u05e0\u05e2\u05dd \u05e4\u05bc\u05d0\u05b7\u05e8\u05d9\u05d6\u05e2\u05e8 \u05d9\u05d9\u05b4\u05d3\u05d9\u05e9\u05be\u05e6\u05e2\u05e0\u05d8\u05e2\u05e8 \u2014 \u05de\u05e2\u05d3\u05e2\u05dd\u05be\u05d1\u05d9\u05d1\u05dc\u05d9\u05d0\u05b8\u05d8\u05e2\u05e7 : Maison de la culture yiddish \u2013 Biblioth\u00e8que Medem29,&nbsp;rue du Ch\u00e2teau-d'Eau 75010 ParisT\u00e9l. :&nbsp;+33(0)1 47 00 14 00 ;&nbsp;www.yiddishweb.com \u05e2\u05e4\u05bf\u05df\u05be\u05e9\u05e2\u05d4\u05e2\u05df :\u05de\u05d0\u05b8\u05e0\u05d8\u05d9\u05e7, \u05d3\u05d9\u05e0\u05e1\u05d8\u05d9\u05e7 \u05d0\u05d5\u05df \u05d3\u05d0\u05b8\u05e0\u05e2\u05e8\u05e9\u05d8\u05d9\u05e7 \u05e4\u05bf\u05d5\u05df 13,30 \u05d1\u05d9\u05d6 18,30 \u05d0\u05b7\u05d6'\u05de\u05d9\u05d8\u05d5\u05d5\u05d0\u05b8\u05da \u05d0\u05d5\u05df \u05e9\u05d1\u05ea \u05e4\u05bf\u05d5\u05df 14 \u05d1\u05d9\u05d6 17 \u05d0\u05b7\u05d6'\u05e7\u05d5\u05e7\u05d8 \u05d0\u05d5\u05d9\u05e3 \u05d3\u05d9 \u05d8\u05e2\u05d2 \u05d5\u05d5\u05e2\u05df \u05d3\u05e2\u05e8 \u05e6\u05e2\u05e0\u05d8\u05e2\u05e8 \u05d0\u05d9\u05d6 \u05e4\u05bf\u05d0\u05b7\u05e8\u05de\u05d0\u05b7\u05db\u05d8 \u05d0\u05d5\u05d9\u05e4\u05bf\u05df &hellip; <\/p>\n<p class=\"link-more\"><a href=\"https:\/\/zeitlin.yiddish.paris\/yi\/%d7%91%d7%90%d6%b7%d7%96%d7%95%d7%9b%d7%9f\/\" class=\"more-link\">Continue reading<span class=\"screen-reader-text\"> &quot;\u05d1\u05d0\u05b7\u05e7\u05d5\u05e7\u05df&quot;<\/span><\/a><\/p>\n","protected":false},"author":2,"featured_media":0,"parent":0,"menu_order":0,"comment_status":"closed","ping_status":"closed","template":"","meta":{"_monsterinsights_skip_tracking":false,"_monsterinsights_sitenote_active":false,"_monsterinsights_sitenote_note":"","_monsterinsights_sitenote_category":0,"footnotes":""},"class_list":["post-67","page","type-page","status-publish","hentry"],"yoast_head":"<!-- This site is optimized with the Yoast SEO plugin v26.5 - https:\/\/yoast.com\/wordpress\/plugins\/seo\/ -->\n<title>\u05d1\u05d0\u05b7\u05e7\u05d5\u05e7\u05df - \u05d0\u05b7\u05d4\u05e8\u05df \u05e6\u05d9\u05d9\u05d8\u05dc\u05d9\u05df, \u05d0\u05b7 \u05d5\u05d5\u05d9\u05d6\u05d9\u05d0\u05b8\u05e0\u05e2\u05e8\u05d9\u05e9\u05e2\u05e8 \u05e9\u05e8\u05f2\u05b7\u05d1\u05e2\u05e8<\/title>\n<meta name=\"robots\" content=\"index, follow, max-snippet:-1, max-image-preview:large, max-video-preview:-1\" \/>\n<link rel=\"canonical\" href=\"https:\/\/zeitlin.yiddish.paris\/yi\/\u05d1\u05d0\u05b7\u05d6\u05d5\u05db\u05df\/\" \/>\n<meta property=\"og:locale\" content=\"en_US\" \/>\n<meta property=\"og:type\" content=\"article\" \/>\n<meta property=\"og:title\" content=\"\u05d1\u05d0\u05b7\u05e7\u05d5\u05e7\u05df - \u05d0\u05b7\u05d4\u05e8\u05df \u05e6\u05d9\u05d9\u05d8\u05dc\u05d9\u05df, \u05d0\u05b7 \u05d5\u05d5\u05d9\u05d6\u05d9\u05d0\u05b8\u05e0\u05e2\u05e8\u05d9\u05e9\u05e2\u05e8 \u05e9\u05e8\u05f2\u05b7\u05d1\u05e2\u05e8\" \/>\n<meta property=\"og:description\" content=\"\u05e6\u05d5 \u05d1\u05d0\u05b7\u05e7\u05d5\u05e7\u05df \u05d3\u05d9 \u05e4\u05bf\u05d9\u05d6\u05d9\u05e9\u05e2 \u05d0\u05d5\u05d9\u05e1\u05e9\u05d8\u05e2\u05dc\u05d5\u05e0\u05d2 \u05d0\u05d9\u05e0\u05e2\u05dd \u05e4\u05bc\u05d0\u05b7\u05e8\u05d9\u05d6\u05e2\u05e8 \u05d9\u05d9\u05b4\u05d3\u05d9\u05e9\u05be\u05e6\u05e2\u05e0\u05d8\u05e2\u05e8 \u2014 \u05de\u05e2\u05d3\u05e2\u05dd\u05be\u05d1\u05d9\u05d1\u05dc\u05d9\u05d0\u05b8\u05d8\u05e2\u05e7 : Maison de la culture yiddish \u2013 Biblioth\u00e8que Medem29,&nbsp;rue du Ch\u00e2teau-d&#039;Eau 75010 ParisT\u00e9l. :&nbsp;+33(0)1 47 00 14 00 ;&nbsp;www.yiddishweb.com \u05e2\u05e4\u05bf\u05df\u05be\u05e9\u05e2\u05d4\u05e2\u05df :\u05de\u05d0\u05b8\u05e0\u05d8\u05d9\u05e7, \u05d3\u05d9\u05e0\u05e1\u05d8\u05d9\u05e7 \u05d0\u05d5\u05df \u05d3\u05d0\u05b8\u05e0\u05e2\u05e8\u05e9\u05d8\u05d9\u05e7 \u05e4\u05bf\u05d5\u05df 13,30 \u05d1\u05d9\u05d6 18,30 \u05d0\u05b7\u05d6&#039;\u05de\u05d9\u05d8\u05d5\u05d5\u05d0\u05b8\u05da \u05d0\u05d5\u05df \u05e9\u05d1\u05ea \u05e4\u05bf\u05d5\u05df 14 \u05d1\u05d9\u05d6 17 \u05d0\u05b7\u05d6&#039;\u05e7\u05d5\u05e7\u05d8 \u05d0\u05d5\u05d9\u05e3 \u05d3\u05d9 \u05d8\u05e2\u05d2 \u05d5\u05d5\u05e2\u05df \u05d3\u05e2\u05e8 \u05e6\u05e2\u05e0\u05d8\u05e2\u05e8 \u05d0\u05d9\u05d6 \u05e4\u05bf\u05d0\u05b7\u05e8\u05de\u05d0\u05b7\u05db\u05d8 \u05d0\u05d5\u05d9\u05e4\u05bf\u05df &hellip; Continue reading &quot;\u05d1\u05d0\u05b7\u05e7\u05d5\u05e7\u05df&quot;\" \/>\n<meta property=\"og:url\" content=\"https:\/\/zeitlin.yiddish.paris\/yi\/\u05d1\u05d0\u05b7\u05d6\u05d5\u05db\u05df\/\" \/>\n<meta property=\"og:site_name\" content=\"\u05d0\u05b7\u05d4\u05e8\u05df \u05e6\u05d9\u05d9\u05d8\u05dc\u05d9\u05df, \u05d0\u05b7 \u05d5\u05d5\u05d9\u05d6\u05d9\u05d0\u05b8\u05e0\u05e2\u05e8\u05d9\u05e9\u05e2\u05e8 \u05e9\u05e8\u05f2\u05b7\u05d1\u05e2\u05e8\" \/>\n<meta property=\"article:modified_time\" content=\"2020-03-31T21:51:01+00:00\" \/>\n<meta name=\"twitter:card\" content=\"summary_large_image\" \/>\n<script type=\"application\/ld+json\" class=\"yoast-schema-graph\">{\"@context\":\"https:\/\/schema.org\",\"@graph\":[{\"@type\":\"WebPage\",\"@id\":\"https:\/\/zeitlin.yiddish.paris\/yi\/%d7%91%d7%90%d6%b7%d7%96%d7%95%d7%9b%d7%9f\/\",\"url\":\"https:\/\/zeitlin.yiddish.paris\/yi\/%d7%91%d7%90%d6%b7%d7%96%d7%95%d7%9b%d7%9f\/\",\"name\":\"\u05d1\u05d0\u05b7\u05e7\u05d5\u05e7\u05df - \u05d0\u05b7\u05d4\u05e8\u05df \u05e6\u05d9\u05d9\u05d8\u05dc\u05d9\u05df, \u05d0\u05b7 \u05d5\u05d5\u05d9\u05d6\u05d9\u05d0\u05b8\u05e0\u05e2\u05e8\u05d9\u05e9\u05e2\u05e8 \u05e9\u05e8\u05f2\u05b7\u05d1\u05e2\u05e8\",\"isPartOf\":{\"@id\":\"https:\/\/zeitlin.yiddish.paris\/#website\"},\"datePublished\":\"2020-01-20T17:52:27+00:00\",\"dateModified\":\"2020-03-31T21:51:01+00:00\",\"breadcrumb\":{\"@id\":\"https:\/\/zeitlin.yiddish.paris\/yi\/%d7%91%d7%90%d6%b7%d7%96%d7%95%d7%9b%d7%9f\/#breadcrumb\"},\"inLanguage\":\"yi-YI\",\"potentialAction\":[{\"@type\":\"ReadAction\",\"target\":[\"https:\/\/zeitlin.yiddish.paris\/yi\/%d7%91%d7%90%d6%b7%d7%96%d7%95%d7%9b%d7%9f\/\"]}]},{\"@type\":\"BreadcrumbList\",\"@id\":\"https:\/\/zeitlin.yiddish.paris\/yi\/%d7%91%d7%90%d6%b7%d7%96%d7%95%d7%9b%d7%9f\/#breadcrumb\",\"itemListElement\":[{\"@type\":\"ListItem\",\"position\":1,\"name\":\"Accueil\",\"item\":\"https:\/\/zeitlin.yiddish.paris\/yi\/\"},{\"@type\":\"ListItem\",\"position\":2,\"name\":\"\u05d1\u05d0\u05b7\u05e7\u05d5\u05e7\u05df\"}]},{\"@type\":\"WebSite\",\"@id\":\"https:\/\/zeitlin.yiddish.paris\/#website\",\"url\":\"https:\/\/zeitlin.yiddish.paris\/\",\"name\":\"Aaron Zeitlin, \u00e9crivain visionnaire\",\"description\":\"\u05d3\u05d9\u05d2\u05d9\u05d8\u05d0\u05b7\u05dc\u05e2\u05e8 \u05e7\u05d0\u05b7\u05d8\u05d0\u05b7\u05dc\u05d0\u05b8\u05d2 \u05e4\u05bf\u05d5\u05df \u05d0\u05b7\u05df \u05d0\u05d5\u05d9\u05e1\u05e9\u05d8\u05e2\u05dc\u05d5\u05e0\u05d2 \u05d1\u05f2\u05b7\u05dd \u05e4\u05bc\u05d0\u05b7\u05e8\u05d9\u05d6\u05e2\u05e8 \u05d9\u05d9\u05b4\u05d3\u05d9\u05e9\u05be\u05e6\u05e2\u05e0\u05d8\u05e2\u05e8 \u2013 \u05de\u05e2\u05d3\u05e2\u05dd\u05be\u05d1\u05d9\u05d1\u05d9\u05dc\u05d9\u05d0\u05b8\u05d8\u05e2\u05e7\",\"publisher\":{\"@id\":\"https:\/\/zeitlin.yiddish.paris\/#organization\"},\"potentialAction\":[{\"@type\":\"SearchAction\",\"target\":{\"@type\":\"EntryPoint\",\"urlTemplate\":\"https:\/\/zeitlin.yiddish.paris\/?s={search_term_string}\"},\"query-input\":{\"@type\":\"PropertyValueSpecification\",\"valueRequired\":true,\"valueName\":\"search_term_string\"}}],\"inLanguage\":\"yi-YI\"},{\"@type\":\"Organization\",\"@id\":\"https:\/\/zeitlin.yiddish.paris\/#organization\",\"name\":\"Maison de la culture yiddish \u2013 Biblioth\u00e8que Medem (Paris)\",\"url\":\"https:\/\/zeitlin.yiddish.paris\/\",\"logo\":{\"@type\":\"ImageObject\",\"inLanguage\":\"yi-YI\",\"@id\":\"https:\/\/zeitlin.yiddish.paris\/#\/schema\/logo\/image\/\",\"url\":\"https:\/\/zeitlin.yiddish.paris\/wp-content\/uploads\/2020\/12\/mcy_yud.png\",\"contentUrl\":\"https:\/\/zeitlin.yiddish.paris\/wp-content\/uploads\/2020\/12\/mcy_yud.png\",\"width\":250,\"height\":250,\"caption\":\"Maison de la culture yiddish \u2013 Biblioth\u00e8que Medem (Paris)\"},\"image\":{\"@id\":\"https:\/\/zeitlin.yiddish.paris\/#\/schema\/logo\/image\/\"}}]}<\/script>\n<!-- \/ Yoast SEO plugin. -->","yoast_head_json":{"title":"\u05d1\u05d0\u05b7\u05e7\u05d5\u05e7\u05df - \u05d0\u05b7\u05d4\u05e8\u05df \u05e6\u05d9\u05d9\u05d8\u05dc\u05d9\u05df, \u05d0\u05b7 \u05d5\u05d5\u05d9\u05d6\u05d9\u05d0\u05b8\u05e0\u05e2\u05e8\u05d9\u05e9\u05e2\u05e8 \u05e9\u05e8\u05f2\u05b7\u05d1\u05e2\u05e8","robots":{"index":"index","follow":"follow","max-snippet":"max-snippet:-1","max-image-preview":"max-image-preview:large","max-video-preview":"max-video-preview:-1"},"canonical":"https:\/\/zeitlin.yiddish.paris\/yi\/\u05d1\u05d0\u05b7\u05d6\u05d5\u05db\u05df\/","og_locale":"en_US","og_type":"article","og_title":"\u05d1\u05d0\u05b7\u05e7\u05d5\u05e7\u05df - \u05d0\u05b7\u05d4\u05e8\u05df \u05e6\u05d9\u05d9\u05d8\u05dc\u05d9\u05df, \u05d0\u05b7 \u05d5\u05d5\u05d9\u05d6\u05d9\u05d0\u05b8\u05e0\u05e2\u05e8\u05d9\u05e9\u05e2\u05e8 \u05e9\u05e8\u05f2\u05b7\u05d1\u05e2\u05e8","og_description":"\u05e6\u05d5 \u05d1\u05d0\u05b7\u05e7\u05d5\u05e7\u05df \u05d3\u05d9 \u05e4\u05bf\u05d9\u05d6\u05d9\u05e9\u05e2 \u05d0\u05d5\u05d9\u05e1\u05e9\u05d8\u05e2\u05dc\u05d5\u05e0\u05d2 \u05d0\u05d9\u05e0\u05e2\u05dd \u05e4\u05bc\u05d0\u05b7\u05e8\u05d9\u05d6\u05e2\u05e8 \u05d9\u05d9\u05b4\u05d3\u05d9\u05e9\u05be\u05e6\u05e2\u05e0\u05d8\u05e2\u05e8 \u2014 \u05de\u05e2\u05d3\u05e2\u05dd\u05be\u05d1\u05d9\u05d1\u05dc\u05d9\u05d0\u05b8\u05d8\u05e2\u05e7 : Maison de la culture yiddish \u2013 Biblioth\u00e8que Medem29,&nbsp;rue du Ch\u00e2teau-d'Eau 75010 ParisT\u00e9l. :&nbsp;+33(0)1 47 00 14 00 ;&nbsp;www.yiddishweb.com \u05e2\u05e4\u05bf\u05df\u05be\u05e9\u05e2\u05d4\u05e2\u05df :\u05de\u05d0\u05b8\u05e0\u05d8\u05d9\u05e7, \u05d3\u05d9\u05e0\u05e1\u05d8\u05d9\u05e7 \u05d0\u05d5\u05df \u05d3\u05d0\u05b8\u05e0\u05e2\u05e8\u05e9\u05d8\u05d9\u05e7 \u05e4\u05bf\u05d5\u05df 13,30 \u05d1\u05d9\u05d6 18,30 \u05d0\u05b7\u05d6'\u05de\u05d9\u05d8\u05d5\u05d5\u05d0\u05b8\u05da \u05d0\u05d5\u05df \u05e9\u05d1\u05ea \u05e4\u05bf\u05d5\u05df 14 \u05d1\u05d9\u05d6 17 \u05d0\u05b7\u05d6'\u05e7\u05d5\u05e7\u05d8 \u05d0\u05d5\u05d9\u05e3 \u05d3\u05d9 \u05d8\u05e2\u05d2 \u05d5\u05d5\u05e2\u05df \u05d3\u05e2\u05e8 \u05e6\u05e2\u05e0\u05d8\u05e2\u05e8 \u05d0\u05d9\u05d6 \u05e4\u05bf\u05d0\u05b7\u05e8\u05de\u05d0\u05b7\u05db\u05d8 \u05d0\u05d5\u05d9\u05e4\u05bf\u05df &hellip; Continue reading \"\u05d1\u05d0\u05b7\u05e7\u05d5\u05e7\u05df\"","og_url":"https:\/\/zeitlin.yiddish.paris\/yi\/\u05d1\u05d0\u05b7\u05d6\u05d5\u05db\u05df\/","og_site_name":"\u05d0\u05b7\u05d4\u05e8\u05df \u05e6\u05d9\u05d9\u05d8\u05dc\u05d9\u05df, \u05d0\u05b7 \u05d5\u05d5\u05d9\u05d6\u05d9\u05d0\u05b8\u05e0\u05e2\u05e8\u05d9\u05e9\u05e2\u05e8 \u05e9\u05e8\u05f2\u05b7\u05d1\u05e2\u05e8","article_modified_time":"2020-03-31T21:51:01+00:00","twitter_card":"summary_large_image","schema":{"@context":"https:\/\/schema.org","@graph":[{"@type":"WebPage","@id":"https:\/\/zeitlin.yiddish.paris\/yi\/%d7%91%d7%90%d6%b7%d7%96%d7%95%d7%9b%d7%9f\/","url":"https:\/\/zeitlin.yiddish.paris\/yi\/%d7%91%d7%90%d6%b7%d7%96%d7%95%d7%9b%d7%9f\/","name":"\u05d1\u05d0\u05b7\u05e7\u05d5\u05e7\u05df - \u05d0\u05b7\u05d4\u05e8\u05df \u05e6\u05d9\u05d9\u05d8\u05dc\u05d9\u05df, \u05d0\u05b7 \u05d5\u05d5\u05d9\u05d6\u05d9\u05d0\u05b8\u05e0\u05e2\u05e8\u05d9\u05e9\u05e2\u05e8 \u05e9\u05e8\u05f2\u05b7\u05d1\u05e2\u05e8","isPartOf":{"@id":"https:\/\/zeitlin.yiddish.paris\/#website"},"datePublished":"2020-01-20T17:52:27+00:00","dateModified":"2020-03-31T21:51:01+00:00","breadcrumb":{"@id":"https:\/\/zeitlin.yiddish.paris\/yi\/%d7%91%d7%90%d6%b7%d7%96%d7%95%d7%9b%d7%9f\/#breadcrumb"},"inLanguage":"yi-YI","potentialAction":[{"@type":"ReadAction","target":["https:\/\/zeitlin.yiddish.paris\/yi\/%d7%91%d7%90%d6%b7%d7%96%d7%95%d7%9b%d7%9f\/"]}]},{"@type":"BreadcrumbList","@id":"https:\/\/zeitlin.yiddish.paris\/yi\/%d7%91%d7%90%d6%b7%d7%96%d7%95%d7%9b%d7%9f\/#breadcrumb","itemListElement":[{"@type":"ListItem","position":1,"name":"Accueil","item":"https:\/\/zeitlin.yiddish.paris\/yi\/"},{"@type":"ListItem","position":2,"name":"\u05d1\u05d0\u05b7\u05e7\u05d5\u05e7\u05df"}]},{"@type":"WebSite","@id":"https:\/\/zeitlin.yiddish.paris\/#website","url":"https:\/\/zeitlin.yiddish.paris\/","name":"Aaron Zeitlin, \u00e9crivain visionnaire","description":"\u05d3\u05d9\u05d2\u05d9\u05d8\u05d0\u05b7\u05dc\u05e2\u05e8 \u05e7\u05d0\u05b7\u05d8\u05d0\u05b7\u05dc\u05d0\u05b8\u05d2 \u05e4\u05bf\u05d5\u05df \u05d0\u05b7\u05df \u05d0\u05d5\u05d9\u05e1\u05e9\u05d8\u05e2\u05dc\u05d5\u05e0\u05d2 \u05d1\u05f2\u05b7\u05dd \u05e4\u05bc\u05d0\u05b7\u05e8\u05d9\u05d6\u05e2\u05e8 \u05d9\u05d9\u05b4\u05d3\u05d9\u05e9\u05be\u05e6\u05e2\u05e0\u05d8\u05e2\u05e8 \u2013 \u05de\u05e2\u05d3\u05e2\u05dd\u05be\u05d1\u05d9\u05d1\u05d9\u05dc\u05d9\u05d0\u05b8\u05d8\u05e2\u05e7","publisher":{"@id":"https:\/\/zeitlin.yiddish.paris\/#organization"},"potentialAction":[{"@type":"SearchAction","target":{"@type":"EntryPoint","urlTemplate":"https:\/\/zeitlin.yiddish.paris\/?s={search_term_string}"},"query-input":{"@type":"PropertyValueSpecification","valueRequired":true,"valueName":"search_term_string"}}],"inLanguage":"yi-YI"},{"@type":"Organization","@id":"https:\/\/zeitlin.yiddish.paris\/#organization","name":"Maison de la culture yiddish \u2013 Biblioth\u00e8que Medem (Paris)","url":"https:\/\/zeitlin.yiddish.paris\/","logo":{"@type":"ImageObject","inLanguage":"yi-YI","@id":"https:\/\/zeitlin.yiddish.paris\/#\/schema\/logo\/image\/","url":"https:\/\/zeitlin.yiddish.paris\/wp-content\/uploads\/2020\/12\/mcy_yud.png","contentUrl":"https:\/\/zeitlin.yiddish.paris\/wp-content\/uploads\/2020\/12\/mcy_yud.png","width":250,"height":250,"caption":"Maison de la culture yiddish \u2013 Biblioth\u00e8que Medem (Paris)"},"image":{"@id":"https:\/\/zeitlin.yiddish.paris\/#\/schema\/logo\/image\/"}}]}},"_links":{"self":[{"href":"https:\/\/zeitlin.yiddish.paris\/yi\/wp-json\/wp\/v2\/pages\/67","targetHints":{"allow":["GET"]}}],"collection":[{"href":"https:\/\/zeitlin.yiddish.paris\/yi\/wp-json\/wp\/v2\/pages"}],"about":[{"href":"https:\/\/zeitlin.yiddish.paris\/yi\/wp-json\/wp\/v2\/types\/page"}],"author":[{"embeddable":true,"href":"https:\/\/zeitlin.yiddish.paris\/yi\/wp-json\/wp\/v2\/users\/2"}],"replies":[{"embeddable":true,"href":"https:\/\/zeitlin.yiddish.paris\/yi\/wp-json\/wp\/v2\/comments?post=67"}],"version-history":[{"count":3,"href":"https:\/\/zeitlin.yiddish.paris\/yi\/wp-json\/wp\/v2\/pages\/67\/revisions"}],"predecessor-version":[{"id":334,"href":"https:\/\/zeitlin.yiddish.paris\/yi\/wp-json\/wp\/v2\/pages\/67\/revisions\/334"}],"wp:attachment":[{"href":"https:\/\/zeitlin.yiddish.paris\/yi\/wp-json\/wp\/v2\/media?parent=67"}],"curies":[{"name":"wp","href":"https:\/\/api.w.org\/{rel}","templated":true}]}}